{"id":656,"date":"2021-03-03T16:06:20","date_gmt":"2021-03-03T16:06:20","guid":{"rendered":"https:\/\/ha-tc.com\/?page_id=656"},"modified":"2021-06-22T19:11:38","modified_gmt":"2021-06-22T19:11:38","slug":"tokante-nos","status":"publish","type":"page","link":"https:\/\/ha-tc.com\/pap\/tokante-nos\/","title":{"rendered":"Tokante nos"},"content":{"rendered":"<p>[et_pb_section fb_built=&#8221;1&#8243; next_background_color=&#8221;#ffffff&#8221; _builder_version=&#8221;4.8.1&#8243; use_background_color_gradient=&#8221;on&#8221; background_color_gradient_start=&#8221;rgba(0,0,0,0)&#8221; background_color_gradient_end=&#8221;rgba(255,255,255,0.87)&#8221; background_color_gradient_direction=&#8221;213deg&#8221; background_color_gradient_end_position=&#8221;91%&#8221; background_color_gradient_overlays_image=&#8221;on&#8221; background_image=&#8221;https:\/\/ha-tc.com\/wp-content\/uploads\/sites\/9\/2021\/01\/hatc-toolbox-scaled.jpg&#8221; custom_padding=&#8221;130px||130px|0px|false|false&#8221; bottom_divider_style=&#8221;slant&#8221; locked=&#8221;off&#8221; collapsed=&#8221;off&#8221;][et_pb_row column_structure=&#8221;1_3,1_3,1_3&#8243; _builder_version=&#8221;4.8.1&#8243; max_width=&#8221;2560px&#8221;][et_pb_column type=&#8221;1_3&#8243; _builder_version=&#8221;4.0.5&#8243;][et_pb_post_title meta=&#8221;off&#8221; featured_image=&#8221;off&#8221; _builder_version=&#8221;4.8.1&#8243; _module_preset=&#8221;default&#8221; title_font_size=&#8221;42px&#8221;][\/et_pb_post_title][\/et_pb_column][et_pb_column type=&#8221;1_3&#8243; _builder_version=&#8221;4.0.5&#8243;][\/et_pb_column][et_pb_column type=&#8221;1_3&#8243; _builder_version=&#8221;4.0.5&#8243;][\/et_pb_column][\/et_pb_row][\/et_pb_section][et_pb_section fb_built=&#8221;1&#8243; _builder_version=&#8221;3.22&#8243;][et_pb_row column_structure=&#8221;3_5,2_5&#8243; _builder_version=&#8221;3.25&#8243; background_size=&#8221;initial&#8221; background_position=&#8221;top_left&#8221; background_repeat=&#8221;repeat&#8221;][et_pb_column type=&#8221;3_5&#8243; _builder_version=&#8221;3.25&#8243; custom_padding=&#8221;|||&#8221; custom_padding__hover=&#8221;|||&#8221;][et_pb_text _builder_version=&#8221;4.9.2&#8243; background_size=&#8221;initial&#8221; background_position=&#8221;top_left&#8221; background_repeat=&#8221;repeat&#8221;]<\/p>\n<p>HATC tin mas ku 30 a\u00f1a di konosementu pa loke ta drechamentu di outo. Nos tin eksperensia di trabou serka ANWB Wegenwacht\u00a0 i garashi nan lokal kombin\u00e1 ku kurso na Est\u00e1dos Un\u00eddos, Hulanda i Hapon. Nos ta sertifik\u00e1 pa duna preparashon i kurso. Na HATC nos ta \u2018on\u2019 pa \u00faltimo desaroyo den teknologia elektr\u00f3niko i programa komputaris\u00e1 pa outo pa asina por brinda bo un servisio optimal.<\/p>\n<p>[\/et_pb_text][\/et_pb_column][et_pb_column type=&#8221;2_5&#8243; _builder_version=&#8221;3.25&#8243; custom_padding=&#8221;|||&#8221; custom_padding__hover=&#8221;|||&#8221;][et_pb_image src=&#8221;https:\/\/ha-tc.com\/wp-content\/uploads\/sites\/9\/2021\/03\/HATC_15-scaled.jpg&#8221; title_text=&#8221;HATC_15&#8243; _builder_version=&#8221;4.9.2&#8243; _module_preset=&#8221;default&#8221;][\/et_pb_image][\/et_pb_column][\/et_pb_row][\/et_pb_section]<\/p>\n","protected":false},"excerpt":{"rendered":"<p>HATC tin mas ku 30 a\u00f1a di konosementu pa loke ta drechamentu di outo. Nos tin eksperensia di trabou serka ANWB Wegenwacht\u00a0 i garashi nan lokal kombin\u00e1 ku kurso na Est\u00e1dos Un\u00eddos, Hulanda i Hapon. Nos ta sertifik\u00e1 pa duna preparashon i kurso. Na HATC nos ta \u2018on\u2019 pa \u00faltimo desaroyo den teknologia elektr\u00f3niko i [&hellip;]<\/p>\n","protected":false},"author":6,"featured_media":0,"parent":0,"menu_order":300,"comment_status":"closed","ping_status":"closed","template":"","meta":{"_et_pb_use_builder":"on","_et_pb_old_content":"<p>[et_pb_section fb_built=\"1\" next_background_color=\"#ffffff\" _builder_version=\"4.8.1\" use_background_color_gradient=\"on\" background_color_gradient_start=\"rgba(0,0,0,0)\" background_color_gradient_end=\"rgba(255,255,255,0.87)\" background_color_gradient_direction=\"213deg\" background_color_gradient_end_position=\"91%\" background_color_gradient_overlays_image=\"on\" background_image=\"https:\/\/ha-tc.com\/wp-content\/uploads\/sites\/9\/2021\/01\/hatc-toolbox-scaled.jpg\" custom_padding=\"130px||130px|0px|false|false\" bottom_divider_style=\"slant\" locked=\"off\" collapsed=\"off\"][et_pb_row column_structure=\"1_3,1_3,1_3\" _builder_version=\"4.8.1\" max_width=\"2560px\"][et_pb_column type=\"1_3\" _builder_version=\"4.0.5\"][et_pb_post_title meta=\"off\" featured_image=\"off\" _builder_version=\"4.8.1\" _module_preset=\"default\" title_font_size=\"42px\"][\/et_pb_post_title][\/et_pb_column][et_pb_column type=\"1_3\" _builder_version=\"4.0.5\"][\/et_pb_column][et_pb_column type=\"1_3\" _builder_version=\"4.0.5\"][\/et_pb_column][\/et_pb_row][\/et_pb_section][et_pb_section fb_built=\"1\" _builder_version=\"3.22\"][et_pb_row column_structure=\"1_2,1_4,1_4\" _builder_version=\"3.25\" background_size=\"initial\" background_position=\"top_left\" background_repeat=\"repeat\"][et_pb_column type=\"1_2\" _builder_version=\"3.25\" custom_padding=\"|||\" custom_padding__hover=\"|||\"][et_pb_text _builder_version=\"4.9.0\" background_size=\"initial\" background_position=\"top_left\" background_repeat=\"repeat\" hover_enabled=\"0\" sticky_enabled=\"0\"]<\/p><p>HATC heeft meer dan 30 jaar ervaring op het gebied van autoreparatie en elektrotechniek. Zoals bijvoorbeeld praktijkervaring bij ANWB Wegenwacht te Den Haag en lokale garagebedrijven, aangevuld met diverse cursussen op dit vakgebied in Nederland, de Verenigde Staten en Japan. Wij zijn tevens bevoegd om opleidingen te verzorgen en volgen de laatste ontwikkelingen op het gebied elektrotechniek en computerprogramma\u2019s op de voet om u steeds optimale service te kunnen garanderen.<\/p><p>[\/et_pb_text][\/et_pb_column][et_pb_column type=\"1_4\" _builder_version=\"3.25\" custom_padding=\"|||\" custom_padding__hover=\"|||\"][et_pb_image src=\"https:\/\/ha-tc.com\/wp-content\/uploads\/sites\/9\/2021\/01\/hatc-bord-scaled.jpg\" title_text=\"hatc-bord\" _builder_version=\"4.8.1\" _module_preset=\"default\"][\/et_pb_image][\/et_pb_column][et_pb_column type=\"1_4\" _builder_version=\"3.25\" custom_padding=\"|||\" custom_padding__hover=\"|||\"][et_pb_image src=\"https:\/\/ha-tc.com\/wp-content\/uploads\/sites\/9\/2021\/01\/albert-martina-hatc.jpeg\" title_text=\"albert-martina-hatc\" _builder_version=\"4.8.1\" _module_preset=\"default\"][\/et_pb_image][\/et_pb_column][\/et_pb_row][\/et_pb_section]<\/p>","_et_gb_content_width":"","footnotes":""},"class_list":["post-656","page","type-page","status-publish","hentry"],"_links":{"self":[{"href":"https:\/\/ha-tc.com\/pap\/wp-json\/wp\/v2\/pages\/656","targetHints":{"allow":["GET"]}}],"collection":[{"href":"https:\/\/ha-tc.com\/pap\/wp-json\/wp\/v2\/pages"}],"about":[{"href":"https:\/\/ha-tc.com\/pap\/wp-json\/wp\/v2\/types\/page"}],"author":[{"embeddable":true,"href":"https:\/\/ha-tc.com\/pap\/wp-json\/wp\/v2\/users\/6"}],"replies":[{"embeddable":true,"href":"https:\/\/ha-tc.com\/pap\/wp-json\/wp\/v2\/comments?post=656"}],"version-history":[{"count":0,"href":"https:\/\/ha-tc.com\/pap\/wp-json\/wp\/v2\/pages\/656\/revisions"}],"wp:attachment":[{"href":"https:\/\/ha-tc.com\/pap\/wp-json\/wp\/v2\/media?parent=656"}],"curies":[{"name":"wp","href":"https:\/\/api.w.org\/{rel}","templated":true}]}}